{"id":73,"date":"2023-09-05T13:28:43","date_gmt":"2023-09-05T13:28:43","guid":{"rendered":"https:\/\/postuni.at\/?page_id=73"},"modified":"2023-09-10T07:36:20","modified_gmt":"2023-09-10T07:36:20","slug":"bauteil-schnitzeljagd","status":"publish","type":"page","link":"https:\/\/postuni.at\/en\/bauteil-schnitzeljagd\/","title":{"rendered":"Component scavenger hunt"},"content":{"rendered":"<style>.wp-block-kadence-advancedheading.kt-adv-heading73_98a0bf-c1, .wp-block-kadence-advancedheading.kt-adv-heading73_98a0bf-c1[data-kb-block=\"kb-adv-heading73_98a0bf-c1\"]{max-width:1200px;max-width:1200px;font-style:normal;}.wp-block-kadence-advancedheading.kt-adv-heading73_98a0bf-c1 mark, .wp-block-kadence-advancedheading.kt-adv-heading73_98a0bf-c1[data-kb-block=\"kb-adv-heading73_98a0bf-c1\"] mark{font-style:normal;color:#f76a0c;padding-top:0px;padding-right:0px;padding-bottom:0px;padding-left:0px;}<\/style>\n<h2 class=\"kt-adv-heading73_98a0bf-c1 wp-block-kadence-advancedheading\" data-kb-block=\"kb-adv-heading73_98a0bf-c1\">On the occasion of the Ars Electronica Festival 2023, which is taking place in PostCity, we have created a component scavenger hunt for you.<\/h2>\n\n\n<style>.wp-block-kadence-advancedheading.kt-adv-heading73_a305e9-ec, .wp-block-kadence-advancedheading.kt-adv-heading73_a305e9-ec[data-kb-block=\"kb-adv-heading73_a305e9-ec\"]{max-width:1200px;max-width:1200px;font-style:normal;}.wp-block-kadence-advancedheading.kt-adv-heading73_a305e9-ec mark, .wp-block-kadence-advancedheading.kt-adv-heading73_a305e9-ec[data-kb-block=\"kb-adv-heading73_a305e9-ec\"] mark{font-style:normal;color:#f76a0c;padding-top:0px;padding-right:0px;padding-bottom:0px;padding-left:0px;}<\/style>\n<p class=\"kt-adv-heading73_a305e9-ec wp-block-kadence-advancedheading\" data-kb-block=\"kb-adv-heading73_a305e9-ec\">Who can find all the QR codes distributed in PostCity?<br>We have attached QR codes to various components such as reinforced concrete, brick walls or clinker brick facades. They provide information about the components and reveal what quantities of building materials or objects are installed in the postal distribution center.<\/p>\n\n\n<style>.wp-block-kadence-advancedheading.kt-adv-heading73_4119e8-d3, .wp-block-kadence-advancedheading.kt-adv-heading73_4119e8-d3[data-kb-block=\"kb-adv-heading73_4119e8-d3\"]{max-width:1200px;max-width:1200px;font-style:normal;color:#3d90c6;}.wp-block-kadence-advancedheading.kt-adv-heading73_4119e8-d3 mark, .wp-block-kadence-advancedheading.kt-adv-heading73_4119e8-d3[data-kb-block=\"kb-adv-heading73_4119e8-d3\"] mark{font-style:normal;color:#f76a0c;padding-top:0px;padding-right:0px;padding-bottom:0px;padding-left:0px;}<\/style>\n<p class=\"kt-adv-heading73_4119e8-d3 wp-block-kadence-advancedheading\" data-kb-block=\"kb-adv-heading73_4119e8-d3\"><a href=\"https:\/\/postuni.at\/en\/stahlbeton\/\" data-type=\"page\" data-id=\"76\">Reinforced concrete<\/a><\/p>\n\n\n<style>.wp-block-kadence-advancedheading.kt-adv-heading73_754b95-b3, .wp-block-kadence-advancedheading.kt-adv-heading73_754b95-b3[data-kb-block=\"kb-adv-heading73_754b95-b3\"]{max-width:1200px;max-width:1200px;font-style:normal;color:#3d90c6;}.wp-block-kadence-advancedheading.kt-adv-heading73_754b95-b3 mark, .wp-block-kadence-advancedheading.kt-adv-heading73_754b95-b3[data-kb-block=\"kb-adv-heading73_754b95-b3\"] mark{font-style:normal;color:#f76a0c;padding-top:0px;padding-right:0px;padding-bottom:0px;padding-left:0px;}<\/style>\n<p class=\"kt-adv-heading73_754b95-b3 wp-block-kadence-advancedheading\" data-kb-block=\"kb-adv-heading73_754b95-b3\"><a href=\"https:\/\/postuni.at\/en\/ziegel\/\" data-type=\"page\" data-id=\"79\">brick<\/a><\/p>\n\n\n<style>.wp-block-kadence-advancedheading.kt-adv-heading73_e28893-97, .wp-block-kadence-advancedheading.kt-adv-heading73_e28893-97[data-kb-block=\"kb-adv-heading73_e28893-97\"]{max-width:1200px;max-width:1200px;font-style:normal;color:#3d90c6;}.wp-block-kadence-advancedheading.kt-adv-heading73_e28893-97 mark, .wp-block-kadence-advancedheading.kt-adv-heading73_e28893-97[data-kb-block=\"kb-adv-heading73_e28893-97\"] mark{font-style:normal;color:#f76a0c;padding-top:0px;padding-right:0px;padding-bottom:0px;padding-left:0px;}<\/style>\n<p class=\"kt-adv-heading73_e28893-97 wp-block-kadence-advancedheading\" data-kb-block=\"kb-adv-heading73_e28893-97\"><a href=\"https:\/\/postuni.at\/en\/klinkerfassade\/\" data-type=\"page\" data-id=\"82\">clinker facade<\/a><\/p>\n\n\n<style>.wp-block-kadence-advancedheading.kt-adv-heading73_0e6a7b-5d, .wp-block-kadence-advancedheading.kt-adv-heading73_0e6a7b-5d[data-kb-block=\"kb-adv-heading73_0e6a7b-5d\"]{max-width:1200px;max-width:1200px;font-style:normal;color:#3d90c6;}.wp-block-kadence-advancedheading.kt-adv-heading73_0e6a7b-5d mark, .wp-block-kadence-advancedheading.kt-adv-heading73_0e6a7b-5d[data-kb-block=\"kb-adv-heading73_0e6a7b-5d\"] mark{font-style:normal;color:#f76a0c;padding-top:0px;padding-right:0px;padding-bottom:0px;padding-left:0px;}<\/style>\n<p class=\"kt-adv-heading73_0e6a7b-5d wp-block-kadence-advancedheading\" data-kb-block=\"kb-adv-heading73_0e6a7b-5d\"><a href=\"https:\/\/postuni.at\/en\/stahlkonstruktion-dachverglasungen\/\" data-type=\"page\" data-id=\"85\">steel construction (roof glazing)<\/a><\/p>\n\n\n<style>.wp-block-kadence-advancedheading.kt-adv-heading73_fd4362-ab, .wp-block-kadence-advancedheading.kt-adv-heading73_fd4362-ab[data-kb-block=\"kb-adv-heading73_fd4362-ab\"]{max-width:1200px;max-width:1200px;font-style:normal;color:#3d90c6;}.wp-block-kadence-advancedheading.kt-adv-heading73_fd4362-ab mark, .wp-block-kadence-advancedheading.kt-adv-heading73_fd4362-ab[data-kb-block=\"kb-adv-heading73_fd4362-ab\"] mark{font-style:normal;color:#f76a0c;padding-top:0px;padding-right:0px;padding-bottom:0px;padding-left:0px;}<\/style>\n<p class=\"kt-adv-heading73_fd4362-ab wp-block-kadence-advancedheading\" data-kb-block=\"kb-adv-heading73_fd4362-ab\"><a href=\"https:\/\/postuni.at\/en\/glasfassade\/\" data-type=\"page\" data-id=\"88\">glass facade<\/a><\/p>\n\n\n<style>.wp-block-kadence-advancedheading.kt-adv-heading73_274f3c-48, .wp-block-kadence-advancedheading.kt-adv-heading73_274f3c-48[data-kb-block=\"kb-adv-heading73_274f3c-48\"]{max-width:1200px;max-width:1200px;font-style:normal;color:#3d90c6;}.wp-block-kadence-advancedheading.kt-adv-heading73_274f3c-48 mark, .wp-block-kadence-advancedheading.kt-adv-heading73_274f3c-48[data-kb-block=\"kb-adv-heading73_274f3c-48\"] mark{font-style:normal;color:#f76a0c;padding-top:0px;padding-right:0px;padding-bottom:0px;padding-left:0px;}<\/style>\n<p class=\"kt-adv-heading73_274f3c-48 wp-block-kadence-advancedheading\" data-kb-block=\"kb-adv-heading73_274f3c-48\"><a href=\"https:\/\/postuni.at\/en\/rutschen\/\" data-type=\"page\" data-id=\"91\">Slide<\/a><\/p>\n\n\n<style>.wp-block-kadence-advancedheading.kt-adv-heading73_120edb-fe, .wp-block-kadence-advancedheading.kt-adv-heading73_120edb-fe[data-kb-block=\"kb-adv-heading73_120edb-fe\"]{max-width:1200px;max-width:1200px;font-style:normal;color:#3d90c6;}.wp-block-kadence-advancedheading.kt-adv-heading73_120edb-fe mark, .wp-block-kadence-advancedheading.kt-adv-heading73_120edb-fe[data-kb-block=\"kb-adv-heading73_120edb-fe\"] mark{font-style:normal;color:#f76a0c;padding-top:0px;padding-right:0px;padding-bottom:0px;padding-left:0px;}<\/style>\n<p class=\"kt-adv-heading73_120edb-fe wp-block-kadence-advancedheading\" data-kb-block=\"kb-adv-heading73_120edb-fe\"><a href=\"https:\/\/postuni.at\/en\/bodenbelag-steclon\/\" data-type=\"page\" data-id=\"94\">Floor covering Steclon<\/a><\/p>\n\n\n\n<figure class=\"wp-block-image size-large\"><img loading=\"lazy\" decoding=\"async\" width=\"768\" height=\"1024\" src=\"https:\/\/postuni.at\/wp-content\/uploads\/2023\/09\/Ausstellung-AEC-Festival-768x1024.jpeg\" alt=\"\" class=\"wp-image-298\" srcset=\"https:\/\/postuni.at\/wp-content\/uploads\/2023\/09\/Ausstellung-AEC-Festival-768x1024.jpeg 768w, https:\/\/postuni.at\/wp-content\/uploads\/2023\/09\/Ausstellung-AEC-Festival-225x300.jpeg 225w, https:\/\/postuni.at\/wp-content\/uploads\/2023\/09\/Ausstellung-AEC-Festival-1152x1536.jpeg 1152w, https:\/\/postuni.at\/wp-content\/uploads\/2023\/09\/Ausstellung-AEC-Festival-9x12.jpeg 9w, https:\/\/postuni.at\/wp-content\/uploads\/2023\/09\/Ausstellung-AEC-Festival.jpeg 1200w\" sizes=\"auto, (max-width: 768px) 100vw, 768px\" \/><figcaption class=\"wp-element-caption\">Exhibition at the Ars Electronica Festival 2023<\/figcaption><\/figure>","protected":false},"excerpt":{"rendered":"<p>Anl\u00e4sslich des Ars Electronica Festivals 2023, das in der PostCity stattfindet, haben wir eine Bauteil-Schnitzeljagd f\u00fcr euch erstellt. Wer findet alle QR-Codes, die in der PostCity verteilt sind?Auf verschiedenen Bauteilen wie Stahlbeton, Ziegelw\u00e4nden oder Klinkerfassaden haben wir QR-Codes angebracht. Sie f\u00fchren zu Informationen \u00fcber die Bauteile und verraten, welche Mengen der Baumaterialien oder Objekte im [&hellip;]<\/p>","protected":false},"author":1,"featured_media":0,"parent":0,"menu_order":0,"comment_status":"closed","ping_status":"closed","template":"","meta":{"footnotes":""},"class_list":["post-73","page","type-page","status-publish","hentry"],"_links":{"self":[{"href":"https:\/\/postuni.at\/en\/wp-json\/wp\/v2\/pages\/73","targetHints":{"allow":["GET"]}}],"collection":[{"href":"https:\/\/postuni.at\/en\/wp-json\/wp\/v2\/pages"}],"about":[{"href":"https:\/\/postuni.at\/en\/wp-json\/wp\/v2\/types\/page"}],"author":[{"embeddable":true,"href":"https:\/\/postuni.at\/en\/wp-json\/wp\/v2\/users\/1"}],"replies":[{"embeddable":true,"href":"https:\/\/postuni.at\/en\/wp-json\/wp\/v2\/comments?post=73"}],"version-history":[{"count":8,"href":"https:\/\/postuni.at\/en\/wp-json\/wp\/v2\/pages\/73\/revisions"}],"predecessor-version":[{"id":346,"href":"https:\/\/postuni.at\/en\/wp-json\/wp\/v2\/pages\/73\/revisions\/346"}],"wp:attachment":[{"href":"https:\/\/postuni.at\/en\/wp-json\/wp\/v2\/media?parent=73"}],"curies":[{"name":"wp","href":"https:\/\/api.w.org\/{rel}","templated":true}]}}