{"id":79,"date":"2023-09-05T13:29:27","date_gmt":"2023-09-05T13:29:27","guid":{"rendered":"https:\/\/postuni.at\/?page_id=79"},"modified":"2023-09-07T09:39:46","modified_gmt":"2023-09-07T09:39:46","slug":"ziegel","status":"publish","type":"page","link":"https:\/\/postuni.at\/en\/ziegel\/","title":{"rendered":"brick"},"content":{"rendered":"<style>.wp-block-kadence-advancedheading.kt-adv-heading79_5c5750-b0, .wp-block-kadence-advancedheading.kt-adv-heading79_5c5750-b0[data-kb-block=\"kb-adv-heading79_5c5750-b0\"]{max-width:1200px;max-width:1200px;font-style:normal;}.wp-block-kadence-advancedheading.kt-adv-heading79_5c5750-b0 mark, .wp-block-kadence-advancedheading.kt-adv-heading79_5c5750-b0[data-kb-block=\"kb-adv-heading79_5c5750-b0\"] mark{font-style:normal;color:#f76a0c;padding-top:0px;padding-right:0px;padding-bottom:0px;padding-left:0px;}<\/style>\n<h2 class=\"kt-adv-heading79_5c5750-b0 wp-block-kadence-advancedheading\" data-kb-block=\"kb-adv-heading79_5c5750-b0\">brick<\/h2>\n\n\n<style>.wp-block-kadence-advancedheading.kt-adv-heading79_3d4d1c-22, .wp-block-kadence-advancedheading.kt-adv-heading79_3d4d1c-22[data-kb-block=\"kb-adv-heading79_3d4d1c-22\"]{max-width:1200px;max-width:1200px;font-style:normal;}.wp-block-kadence-advancedheading.kt-adv-heading79_3d4d1c-22 mark, .wp-block-kadence-advancedheading.kt-adv-heading79_3d4d1c-22[data-kb-block=\"kb-adv-heading79_3d4d1c-22\"] mark{font-style:normal;color:#f76a0c;padding-top:0px;padding-right:0px;padding-bottom:0px;padding-left:0px;}<\/style>\n<p class=\"kt-adv-heading79_3d4d1c-22 wp-block-kadence-advancedheading\" data-kb-block=\"kb-adv-heading79_3d4d1c-22\">Location: Postal distribution center \u2013 partition walls<\/p>\n\n\n<style>.wp-block-kadence-advancedheading.kt-adv-heading79_be01d1-31, .wp-block-kadence-advancedheading.kt-adv-heading79_be01d1-31[data-kb-block=\"kb-adv-heading79_be01d1-31\"]{max-width:1200px;max-width:1200px;font-style:normal;}.wp-block-kadence-advancedheading.kt-adv-heading79_be01d1-31 mark, .wp-block-kadence-advancedheading.kt-adv-heading79_be01d1-31[data-kb-block=\"kb-adv-heading79_be01d1-31\"] mark{font-style:normal;color:#f76a0c;padding-top:0px;padding-right:0px;padding-bottom:0px;padding-left:0px;}<\/style>\n<p class=\"kt-adv-heading79_be01d1-31 wp-block-kadence-advancedheading\" data-kb-block=\"kb-adv-heading79_be01d1-31\">Volume: ~ 2,400 m\u00b3 (2,350 t)<\/p>\n\n\n<style>.wp-block-kadence-advancedheading.kt-adv-heading79_e7652f-69, .wp-block-kadence-advancedheading.kt-adv-heading79_e7652f-69[data-kb-block=\"kb-adv-heading79_e7652f-69\"]{max-width:1200px;max-width:1200px;font-style:normal;}.wp-block-kadence-advancedheading.kt-adv-heading79_e7652f-69 mark, .wp-block-kadence-advancedheading.kt-adv-heading79_e7652f-69[data-kb-block=\"kb-adv-heading79_e7652f-69\"] mark{font-style:normal;color:#f76a0c;padding-top:0px;padding-right:0px;padding-bottom:0px;padding-left:0px;}<\/style>\n<p class=\"kt-adv-heading79_e7652f-69 wp-block-kadence-advancedheading\" data-kb-block=\"kb-adv-heading79_e7652f-69\">Material: perforated brick<\/p>\n\n\n<style>.wp-block-kadence-advancedheading.kt-adv-heading79_531ee8-80, .wp-block-kadence-advancedheading.kt-adv-heading79_531ee8-80[data-kb-block=\"kb-adv-heading79_531ee8-80\"]{max-width:1200px;max-width:1200px;font-style:normal;}.wp-block-kadence-advancedheading.kt-adv-heading79_531ee8-80 mark, .wp-block-kadence-advancedheading.kt-adv-heading79_531ee8-80[data-kb-block=\"kb-adv-heading79_531ee8-80\"] mark{font-style:normal;color:#f76a0c;padding-top:0px;padding-right:0px;padding-bottom:0px;padding-left:0px;}<\/style>\n<p class=\"kt-adv-heading79_531ee8-80 wp-block-kadence-advancedheading\" data-kb-block=\"kb-adv-heading79_531ee8-80\">Primary energy content: ~ 1,500,000 kWh<\/p>\n\n\n<style>.wp-block-kadence-advancedheading.kt-adv-heading79_688698-94, .wp-block-kadence-advancedheading.kt-adv-heading79_688698-94[data-kb-block=\"kb-adv-heading79_688698-94\"]{max-width:1200px;max-width:1200px;font-style:normal;}.wp-block-kadence-advancedheading.kt-adv-heading79_688698-94 mark, .wp-block-kadence-advancedheading.kt-adv-heading79_688698-94[data-kb-block=\"kb-adv-heading79_688698-94\"] mark{font-style:normal;color:#f76a0c;padding-top:0px;padding-right:0px;padding-bottom:0px;padding-left:0px;}<\/style>\n<p class=\"kt-adv-heading79_688698-94 wp-block-kadence-advancedheading\" data-kb-block=\"kb-adv-heading79_688698-94\">Global warming potential: 0.24 CO2 eq.\/kg<\/p>\n\n\n<style>.wp-block-kadence-advancedheading.kt-adv-heading79_889089-aa, .wp-block-kadence-advancedheading.kt-adv-heading79_889089-aa[data-kb-block=\"kb-adv-heading79_889089-aa\"]{max-width:1200px;max-width:1200px;font-style:normal;}.wp-block-kadence-advancedheading.kt-adv-heading79_889089-aa mark, .wp-block-kadence-advancedheading.kt-adv-heading79_889089-aa[data-kb-block=\"kb-adv-heading79_889089-aa\"] mark{font-style:normal;color:#f76a0c;padding-top:0px;padding-right:0px;padding-bottom:0px;padding-left:0px;}<\/style>\n<p class=\"kt-adv-heading79_889089-aa wp-block-kadence-advancedheading\" data-kb-block=\"kb-adv-heading79_889089-aa\">CO2 contained: ~ 570 t<\/p>\n\n\n<style>.wp-block-kadence-advancedheading.kt-adv-heading79_5fd139-41, .wp-block-kadence-advancedheading.kt-adv-heading79_5fd139-41[data-kb-block=\"kb-adv-heading79_5fd139-41\"]{max-width:1200px;max-width:1200px;font-size:var(--global-kb-font-size-sm, 0.9rem);font-style:normal;color:#3d90c6;}.wp-block-kadence-advancedheading.kt-adv-heading79_5fd139-41 mark, .wp-block-kadence-advancedheading.kt-adv-heading79_5fd139-41[data-kb-block=\"kb-adv-heading79_5fd139-41\"] mark{font-style:normal;color:#f76a0c;padding-top:0px;padding-right:0px;padding-bottom:0px;padding-left:0px;}<\/style>\n<p class=\"kt-adv-heading79_5fd139-41 wp-block-kadence-advancedheading\" data-kb-block=\"kb-adv-heading79_5fd139-41\">The data on the masses of reinforced concrete and brick were determined using a 3D construction of the postal distribution center. Further data was taken from the diploma thesis \u201cReuse Postcity Linz \u2013 A toolbox for the reuse of components\u201d by Magdalena Klaus.<\/p>\n\n\n\n<div class=\"wp-block-columns alignwide is-layout-flex wp-container-core-columns-is-layout-9d6595d7 wp-block-columns-is-layout-flex\">\n<div class=\"wp-block-column is-layout-flow wp-block-column-is-layout-flow\">\n<figure class=\"wp-block-image size-large\"><img loading=\"lazy\" decoding=\"async\" width=\"768\" height=\"1024\" src=\"https:\/\/postuni.at\/wp-content\/uploads\/2023\/09\/ziegel-03-768x1024.jpeg\" alt=\"\" class=\"wp-image-321\" srcset=\"https:\/\/postuni.at\/wp-content\/uploads\/2023\/09\/ziegel-03-768x1024.jpeg 768w, https:\/\/postuni.at\/wp-content\/uploads\/2023\/09\/ziegel-03-225x300.jpeg 225w, https:\/\/postuni.at\/wp-content\/uploads\/2023\/09\/ziegel-03-1152x1536.jpeg 1152w, https:\/\/postuni.at\/wp-content\/uploads\/2023\/09\/ziegel-03-9x12.jpeg 9w, https:\/\/postuni.at\/wp-content\/uploads\/2023\/09\/ziegel-03.jpeg 1200w\" sizes=\"auto, (max-width: 768px) 100vw, 768px\" \/><\/figure>\n<\/div>\n\n\n\n<div class=\"wp-block-column is-layout-flow wp-block-column-is-layout-flow\">\n<figure class=\"wp-block-image size-large\"><img loading=\"lazy\" decoding=\"async\" width=\"768\" height=\"1024\" src=\"https:\/\/postuni.at\/wp-content\/uploads\/2023\/09\/ziegel-02-768x1024.jpeg\" alt=\"\" class=\"wp-image-320\" srcset=\"https:\/\/postuni.at\/wp-content\/uploads\/2023\/09\/ziegel-02-768x1024.jpeg 768w, https:\/\/postuni.at\/wp-content\/uploads\/2023\/09\/ziegel-02-225x300.jpeg 225w, https:\/\/postuni.at\/wp-content\/uploads\/2023\/09\/ziegel-02-1152x1536.jpeg 1152w, https:\/\/postuni.at\/wp-content\/uploads\/2023\/09\/ziegel-02-9x12.jpeg 9w, https:\/\/postuni.at\/wp-content\/uploads\/2023\/09\/ziegel-02.jpeg 1200w\" sizes=\"auto, (max-width: 768px) 100vw, 768px\" \/><\/figure>\n<\/div>\n<\/div>","protected":false},"excerpt":{"rendered":"<p>Ziegel Fundort: Postverteilerzentrum &#8211; Zwischenw\u00e4nde Volumen: ~ 2.400 m\u00b3 (2.350 t) Material: Hochlochziegel Prim\u00e4renergiegehalt: ~ 1.500.000 kWh Globales Erw\u00e4rmungspotential: 0,24 CO2-\u00c4qv.\/kg Enthaltenes CO2: ~ 570 t Die Daten zu den Massen von Stahlbeton und Ziegel wurden anhand einer 3D-Konstruktion des Postverteilerzentrums ermittelt. Weitere Daten wurden aus der Diplomarbeit \u201cReuse Postcity Linz \u2013 Eine Toolbox zur [&hellip;]<\/p>","protected":false},"author":1,"featured_media":0,"parent":0,"menu_order":0,"comment_status":"closed","ping_status":"closed","template":"","meta":{"footnotes":""},"class_list":["post-79","page","type-page","status-publish","hentry"],"_links":{"self":[{"href":"https:\/\/postuni.at\/en\/wp-json\/wp\/v2\/pages\/79","targetHints":{"allow":["GET"]}}],"collection":[{"href":"https:\/\/postuni.at\/en\/wp-json\/wp\/v2\/pages"}],"about":[{"href":"https:\/\/postuni.at\/en\/wp-json\/wp\/v2\/types\/page"}],"author":[{"embeddable":true,"href":"https:\/\/postuni.at\/en\/wp-json\/wp\/v2\/users\/1"}],"replies":[{"embeddable":true,"href":"https:\/\/postuni.at\/en\/wp-json\/wp\/v2\/comments?post=79"}],"version-history":[{"count":5,"href":"https:\/\/postuni.at\/en\/wp-json\/wp\/v2\/pages\/79\/revisions"}],"predecessor-version":[{"id":328,"href":"https:\/\/postuni.at\/en\/wp-json\/wp\/v2\/pages\/79\/revisions\/328"}],"wp:attachment":[{"href":"https:\/\/postuni.at\/en\/wp-json\/wp\/v2\/media?parent=79"}],"curies":[{"name":"wp","href":"https:\/\/api.w.org\/{rel}","templated":true}]}}